{"id":317,"date":"2024-06-16T16:08:06","date_gmt":"2024-06-16T14:08:06","guid":{"rendered":"https:\/\/ilerousse-port.cci.corsica\/?page_id=317"},"modified":"2024-06-16T16:10:19","modified_gmt":"2024-06-16T14:10:19","slug":"histoire","status":"publish","type":"page","link":"https:\/\/ilerousse-port.cci.corsica\/en\/histoire\/","title":{"rendered":"Histoire"},"content":{"rendered":"<div data-elementor-type=\"wp-page\" data-elementor-id=\"317\" class=\"elementor elementor-317\" data-elementor-post-type=\"page\">\n\t\t\t\t<div class=\"elementor-element elementor-element-6e95194 e-grid e-con-boxed e-con e-child\" data-id=\"6e95194\" data-element_type=\"container\">\n\t\t\t\t\t<div class=\"e-con-inner\">\n\t\t\t\t<div class=\"elementor-element elementor-element-f929d60 elementor-widget elementor-widget-image-box\" data-id=\"f929d60\" data-element_type=\"widget\" data-widget_type=\"image-box.default\">\n\t\t\t\t<div class=\"elementor-widget-container\">\n\t\t\t\t\t<div class=\"elementor-image-box-wrapper\"><div class=\"elementor-image-box-content\"><h3 class=\"elementor-image-box-title\">14 f\u00e9vrier 1661<\/h3><p class=\"elementor-image-box-description\">Les Nobles Douze d\u00e9cident la construction d\u2019un premier m\u00f4le dans l\u00b4ancien Porto-Cardu<\/p><\/div><\/div>\t\t\t\t<\/div>\n\t\t\t\t<\/div>\n\t\t\t\t<div class=\"elementor-element elementor-element-4a538db elementor-widget elementor-widget-image-box\" data-id=\"4a538db\" data-element_type=\"widget\" data-widget_type=\"image-box.default\">\n\t\t\t\t<div class=\"elementor-widget-container\">\n\t\t\t\t\t<div class=\"elementor-image-box-wrapper\"><div class=\"elementor-image-box-content\"><h3 class=\"elementor-image-box-title\">1852<\/h3><p class=\"elementor-image-box-description\">D\u00e9but du chantier de la jet\u00e9e du Dragon<\/p><\/div><\/div>\t\t\t\t<\/div>\n\t\t\t\t<\/div>\n\t\t\t\t<div class=\"elementor-element elementor-element-8c84607 elementor-widget elementor-widget-image-box\" data-id=\"8c84607\" data-element_type=\"widget\" data-widget_type=\"image-box.default\">\n\t\t\t\t<div class=\"elementor-widget-container\">\n\t\t\t\t\t<div class=\"elementor-image-box-wrapper\"><div class=\"elementor-image-box-content\"><h3 class=\"elementor-image-box-title\">1860<\/h3><p class=\"elementor-image-box-description\">D\u00e9molition du rocher \u201cle Lion\u201d et am\u00e9nagement du quai sud<\/p><\/div><\/div>\t\t\t\t<\/div>\n\t\t\t\t<\/div>\n\t\t\t\t\t<\/div>\n\t\t\t\t<\/div>\n\t\t\t\t<\/div>","protected":false},"excerpt":{"rendered":"<p>.elementor-widget-image-box .elementor-image-box-content{width:100%}@media (min-width:768px){.elementor-widget-image-box.elementor-position-left .elementor-image-box-wrapper,.elementor-widget-image-box.elementor-position-right .elementor-image-box-wrapper{display:flex}.elementor-widget-image-box.elementor-position-right .elementor-image-box-wrapper{text-align:end;flex-direction:row-reverse}.elementor-widget-image-box.elementor-position-left .elementor-image-box-wrapper{text-align:start;flex-direction:row}.elementor-widget-image-box.elementor-position-top .elementor-image-box-img{margin:auto}.elementor-widget-image-box.elementor-vertical-align-top .elementor-image-box-wrapper{align-items:flex-start}.elementor-widget-image-box.elementor-vertical-align-middle .elementor-image-box-wrapper{align-items:center}.elementor-widget-image-box.elementor-vertical-align-bottom .elementor-image-box-wrapper{align-items:flex-end}}@media (max-width:767px){.elementor-widget-image-box .elementor-image-box-img{margin-left:auto!important;margin-right:auto!important;margin-bottom:15px}}.elementor-widget-image-box .elementor-image-box-img{display:inline-block}.elementor-widget-image-box .elementor-image-box-title a{color:inherit}.elementor-widget-image-box .elementor-image-box-wrapper{text-align:center}.elementor-widget-image-box .elementor-image-box-description{margin:0} 14 f\u00e9vrier 1661 Les Nobles Douze d\u00e9cident la construction d\u2019un premier m\u00f4le dans l\u00b4ancien Porto-Cardu 1852 D\u00e9but du chantier de la jet\u00e9e du Dragon 1860 D\u00e9molition du rocher \u201cle Lion\u201d et am\u00e9nagement du quai sud<\/p>","protected":false},"author":4,"featured_media":0,"parent":0,"menu_order":0,"comment_status":"closed","ping_status":"closed","template":"","meta":{"_acf_changed":false,"_seopress_robots_primary_cat":"","_seopress_titles_title":"","_seopress_titles_desc":"","_seopress_robots_index":"","footnotes":""},"type-de-page":[4],"class_list":["post-317","page","type-page","status-publish","hentry","type-de-page-page-sans-image"],"acf":[],"_links":{"self":[{"href":"https:\/\/ilerousse-port.cci.corsica\/en\/wp-json\/wp\/v2\/pages\/317","targetHints":{"allow":["GET"]}}],"collection":[{"href":"https:\/\/ilerousse-port.cci.corsica\/en\/wp-json\/wp\/v2\/pages"}],"about":[{"href":"https:\/\/ilerousse-port.cci.corsica\/en\/wp-json\/wp\/v2\/types\/page"}],"author":[{"embeddable":true,"href":"https:\/\/ilerousse-port.cci.corsica\/en\/wp-json\/wp\/v2\/users\/4"}],"replies":[{"embeddable":true,"href":"https:\/\/ilerousse-port.cci.corsica\/en\/wp-json\/wp\/v2\/comments?post=317"}],"version-history":[{"count":5,"href":"https:\/\/ilerousse-port.cci.corsica\/en\/wp-json\/wp\/v2\/pages\/317\/revisions"}],"predecessor-version":[{"id":325,"href":"https:\/\/ilerousse-port.cci.corsica\/en\/wp-json\/wp\/v2\/pages\/317\/revisions\/325"}],"wp:attachment":[{"href":"https:\/\/ilerousse-port.cci.corsica\/en\/wp-json\/wp\/v2\/media?parent=317"}],"wp:term":[{"taxonomy":"type-de-page","embeddable":true,"href":"https:\/\/ilerousse-port.cci.corsica\/en\/wp-json\/wp\/v2\/type-de-page?post=317"}],"curies":[{"name":"wp","href":"https:\/\/api.w.org\/{rel}","templated":true}]}}